{"id":7895,"date":"2025-10-27T13:05:59","date_gmt":"2025-10-27T12:05:59","guid":{"rendered":"https:\/\/ixen.ai\/training\/"},"modified":"2026-04-23T09:13:39","modified_gmt":"2026-04-23T07:13:39","slug":"training","status":"publish","type":"page","link":"https:\/\/ixen.ai\/en\/training\/","title":{"rendered":"Training"},"content":{"rendered":"<p><div class=\"fusion-fullwidth fullwidth-box fusion-builder-row-1 fusion-flex-container has-pattern-background has-mask-background nonhundred-percent-fullwidth non-hundred-percent-height-scrolling contenedor-animaciones hero\" style=\"--awb-border-radius-top-left:0px;--awb-border-radius-top-right:0px;--awb-border-radius-bottom-right:0px;--awb-border-radius-bottom-left:0px;--awb-padding-right:10%;--awb-padding-left:10%;--awb-min-height:600px;--awb-background-color:var(--awb-color5);--awb-flex-wrap:wrap;\" ><div class=\"fusion-builder-row fusion-row fusion-flex-align-items-flex-start fusion-flex-align-content-space-around fusion-flex-content-wrap\" style=\"max-width:calc( 100% + 0px );margin-left: calc(-0px \/ 2 );margin-right: calc(-0px \/ 2 );\"><div class=\"fusion-layout-column fusion_builder_column fusion-builder-column-0 fusion_builder_column_1_1 1_1 fusion-flex-column columna-contenido\" style=\"--awb-bg-size:cover;--awb-width-large:100%;--awb-margin-top-large:0px;--awb-spacing-right-large:0px;--awb-margin-bottom-large:0px;--awb-spacing-left-large:0px;--awb-width-medium:100%;--awb-order-medium:0;--awb-spacing-right-medium:0px;--awb-spacing-left-medium:0px;--awb-width-small:100%;--awb-order-small:0;--awb-spacing-right-small:0px;--awb-spacing-left-small:0px;\"><div class=\"fusion-column-wrapper fusion-column-has-shadow fusion-flex-justify-content-flex-start fusion-content-layout-column\"><div class=\"fusion-title title fusion-title-1 fusion-sep-none fusion-title-text fusion-title-size-one\" style=\"--awb-text-color:var(--awb-color1);--awb-margin-top-small:10px;--awb-margin-right-small:0px;--awb-margin-bottom-small:10px;--awb-margin-left-small:0px;--awb-font-size:3rem;\"><h1 class=\"fusion-title-heading title-heading-left\" style=\"margin:0;font-size:1em;\">Training Data &amp; Cloud<\/h1><\/div><div class=\"fusion-text fusion-text-1 fusion-animated borde-partner\" style=\"--awb-font-size:1.2rem;--awb-text-color:var(--awb-color1);\" data-animationType=\"fadeInLeft\" data-animationDuration=\"1.3\" data-animationDelay=\"1.0\" data-animationOffset=\"top-into-view\"><p>Improve your skills with industry-leading certifications <br \/>and expert-led training programs.<\/p>\n<\/div><\/div><\/div><\/div><\/div><div class=\"fusion-fullwidth fullwidth-box fusion-builder-row-2 fusion-flex-container has-pattern-background has-mask-background nonhundred-percent-fullwidth non-hundred-percent-height-scrolling\" style=\"--awb-border-radius-top-left:0px;--awb-border-radius-top-right:0px;--awb-border-radius-bottom-right:0px;--awb-border-radius-bottom-left:0px;--awb-padding-right:10%;--awb-padding-bottom:35px;--awb-padding-left:10%;--awb-flex-wrap:wrap;\" ><div class=\"fusion-builder-row fusion-row fusion-flex-align-items-flex-start fusion-flex-content-wrap\" style=\"max-width:104%;margin-left: calc(-4% \/ 2 );margin-right: calc(-4% \/ 2 );\"><div class=\"fusion-layout-column fusion_builder_column fusion-builder-column-1 fusion_builder_column_1_1 1_1 fusion-flex-column\" style=\"--awb-padding-top:127px;--awb-bg-size:cover;--awb-width-large:100%;--awb-margin-top-large:0px;--awb-spacing-right-large:1.92%;--awb-margin-bottom-large:20px;--awb-spacing-left-large:1.92%;--awb-width-medium:100%;--awb-order-medium:0;--awb-spacing-right-medium:1.92%;--awb-spacing-left-medium:1.92%;--awb-width-small:100%;--awb-order-small:0;--awb-spacing-right-small:1.92%;--awb-spacing-left-small:1.92%;\"><div class=\"fusion-column-wrapper fusion-column-has-shadow fusion-flex-justify-content-flex-start fusion-content-layout-column\"><section class=\"tp2 tp2-vendors\">  <div class=\"tp2-vendors-grid\"><article class=\"tp2-card tp2-vendor-card\" style=\"padding:32px;\"><div class=\"tp2-card-header\" style=\"display:flex;align-items:center;justify-content:center;height:110px;margin-bottom:14px;\"><img decoding=\"async\" loading=\"lazy\" class=\"lazyload tp2-logo\" src=\"data:image\/gif;base64,R0lGODlhAQABAAAAACH5BAEKAAEALAAAAAABAAEAAAICTAEAOw==\" data-orig-src=\"https:\/\/puedata.com\/wp-content\/uploads\/2025\/10\/logo-cloudera.webp\" alt=\"Cloudera\" style=\"height:96px;max-width:260px;object-fit:contain;\"><\/div><div class=\"tp2-card-body\" style=\"text-align:center;\"><h3 class=\"tp2-title\" style=\"font-size:1.45rem;font-weight:700;margin-bottom:10px;color:#0f3b73\">Cloudera<\/h3><p class=\"tp2-desc\" style=\"margin:0 auto 16px;max-width:580px;line-height:1.35;min-height:4.05em;max-height:4.05em;overflow:hidden;display:-webkit-box;-webkit-line-clamp:3;-webkit-box-orient:vertical;\">Los l\u00edderes de la industria sobresalen con Cloudera Educaci\u00f3n Invertir en su talento tecnol\u00f3gico da sus frutos.<\/p><div class=\"tp2-metrics\" style=\"justify-content:center;\"><div class=\"metric\"><div class=\"n\">19<\/div><div class=\"l\">Cursos Disponibles<\/div><\/div><div class=\"metric green\"><div class=\"n\">13<\/div><div class=\"l\">Pr\u00f3ximas Sesiones<\/div><\/div><\/div><\/div><div class=\"tp2-card-footer\" style=\"justify-content:center;margin-top:18px;\"><a class=\"tp2-btn primary lg\" href=\"https:\/\/ixen.ai\/en\/training\/vendor\/?id=cm2ynro1z0002ndmvzxmzd6m5\">Ver Cursos<span aria-hidden=\"true\"> \u2192<\/span><\/a><a class=\"tp2-btn ghost lg\" target=\"_blank\" rel=\"noopener\" href=\"https:\/\/www.cloudera.com\/services-and-support\/training.html\">Visitar Vendor<span class=\"ext\" aria-hidden=\"true\">\u2197<\/span><\/a><\/div><\/article><article class=\"tp2-card tp2-vendor-card\" style=\"padding:32px;\"><div class=\"tp2-card-header\" style=\"display:flex;align-items:center;justify-content:center;height:110px;margin-bottom:14px;\"><img decoding=\"async\" loading=\"lazy\" class=\"lazyload tp2-logo\" src=\"data:image\/gif;base64,R0lGODlhAQABAAAAACH5BAEKAAEALAAAAAABAAEAAAICTAEAOw==\" data-orig-src=\"https:\/\/puedata.com\/wp-content\/uploads\/2025\/10\/logo-eccouncil.webp\" alt=\"EC Council\" style=\"height:96px;max-width:260px;object-fit:contain;\"><\/div><div class=\"tp2-card-body\" style=\"text-align:center;\"><h3 class=\"tp2-title\" style=\"font-size:1.45rem;font-weight:700;margin-bottom:10px;color:#0f3b73\">EC Council<\/h3><p class=\"tp2-desc\" style=\"margin:0 auto 16px;max-width:580px;line-height:1.35;min-height:4.05em;max-height:4.05em;overflow:hidden;display:-webkit-box;-webkit-line-clamp:3;-webkit-box-orient:vertical;\">Obt\u00e9n tu certificaci\u00f3n con los l\u00edderes de la industria en capacitaci\u00f3n en ciberseguridad.<\/p><div class=\"tp2-metrics\" style=\"justify-content:center;\"><div class=\"metric\"><div class=\"n\">2<\/div><div class=\"l\">Cursos Disponibles<\/div><\/div><div class=\"metric green\"><div class=\"n\">2<\/div><div class=\"l\">Pr\u00f3ximas Sesiones<\/div><\/div><\/div><\/div><div class=\"tp2-card-footer\" style=\"justify-content:center;margin-top:18px;\"><a class=\"tp2-btn primary lg\" href=\"https:\/\/ixen.ai\/en\/training\/vendor\/?id=cm6oym9cn001gp9eta7r1n77g\">Ver Cursos<span aria-hidden=\"true\"> \u2192<\/span><\/a><a class=\"tp2-btn ghost lg\" target=\"_blank\" rel=\"noopener\" href=\"https:\/\/www.eccouncil.org\/train-certify\/\">Visitar Vendor<span class=\"ext\" aria-hidden=\"true\">\u2197<\/span><\/a><\/div><\/article><article class=\"tp2-card tp2-vendor-card\" style=\"padding:32px;\"><div class=\"tp2-card-header\" style=\"display:flex;align-items:center;justify-content:center;height:110px;margin-bottom:14px;\"><img decoding=\"async\" loading=\"lazy\" class=\"lazyload tp2-logo\" src=\"data:image\/gif;base64,R0lGODlhAQABAAAAACH5BAEKAAEALAAAAAABAAEAAAICTAEAOw==\" data-orig-src=\"https:\/\/puedata.com\/wp-content\/uploads\/2025\/10\/logo-google-cloud.webp\" alt=\"Google Cloud\" style=\"height:96px;max-width:260px;object-fit:contain;\"><\/div><div class=\"tp2-card-body\" style=\"text-align:center;\"><h3 class=\"tp2-title\" style=\"font-size:1.45rem;font-weight:700;margin-bottom:10px;color:#0f3b73\">Google Cloud<\/h3><p class=\"tp2-desc\" style=\"margin:0 auto 16px;max-width:580px;line-height:1.35;min-height:4.05em;max-height:4.05em;overflow:hidden;display:-webkit-box;-webkit-line-clamp:3;-webkit-box-orient:vertical;\">Invierte en tu formaci\u00f3n a trav\u00e9s de Innovators Plus y descubre m\u00e1s sobre las oportunidades de capacitaci\u00f3n en equipo.<\/p><div class=\"tp2-metrics\" style=\"justify-content:center;\"><div class=\"metric\"><div class=\"n\">38<\/div><div class=\"l\">Cursos Disponibles<\/div><\/div><div class=\"metric green\"><div class=\"n\">1<\/div><div class=\"l\">Pr\u00f3ximas Sesiones<\/div><\/div><\/div><\/div><div class=\"tp2-card-footer\" style=\"justify-content:center;margin-top:18px;\"><a class=\"tp2-btn primary lg\" href=\"https:\/\/ixen.ai\/en\/training\/vendor\/?id=cm2yntpyp0003ndmvtd9gocu2\">Ver Cursos<span aria-hidden=\"true\"> \u2192<\/span><\/a><a class=\"tp2-btn ghost lg\" target=\"_blank\" rel=\"noopener\" href=\"https:\/\/cloud.google.com\/learn\/\">Visitar Vendor<span class=\"ext\" aria-hidden=\"true\">\u2197<\/span><\/a><\/div><\/article>  <\/div><\/section>\n<\/div><\/div><\/div><\/div><div class=\"fusion-fullwidth fullwidth-box fusion-builder-row-3 fusion-flex-container has-pattern-background has-mask-background nonhundred-percent-fullwidth non-hundred-percent-height-scrolling\" style=\"--awb-border-radius-top-left:0px;--awb-border-radius-top-right:0px;--awb-border-radius-bottom-right:0px;--awb-border-radius-bottom-left:0px;--awb-padding-top:35px;--awb-padding-right:10%;--awb-padding-bottom:35px;--awb-padding-left:10%;--awb-margin-top:0px;--awb-flex-wrap:wrap;\" ><div class=\"fusion-builder-row fusion-row fusion-flex-align-items-center fusion-flex-justify-content-center fusion-flex-content-wrap\" style=\"max-width:calc( 100% + 0px );margin-left: calc(-0px \/ 2 );margin-right: calc(-0px \/ 2 );\"><div class=\"fusion-layout-column fusion_builder_column fusion-builder-column-2 fusion_builder_column_1_2 1_2 fusion-flex-column fusion-animated\" style=\"--awb-bg-size:cover;--awb-width-large:50%;--awb-margin-top-large:0px;--awb-spacing-right-large:calc( 0 * calc( 100% - 0px ) );--awb-margin-bottom-large:20px;--awb-spacing-left-large:calc( 0 * calc( 100% - 0px ) );--awb-width-medium:50%;--awb-order-medium:0;--awb-spacing-right-medium:calc( 0 * calc( 100% - 0px ) );--awb-spacing-left-medium:calc( 0 * calc( 100% - 0px ) );--awb-width-small:100%;--awb-order-small:0;--awb-spacing-right-small:0px;--awb-spacing-left-small:0px;\" data-animationType=\"fadeIn\" data-animationDuration=\"1.0\" data-animationDelay=\"1.0\" data-animationOffset=\"top-into-view\"><div class=\"fusion-column-wrapper fusion-column-has-shadow fusion-flex-justify-content-flex-start fusion-content-layout-column\"><div class=\"fusion-title title fusion-title-2 fusion-sep-none fusion-title-text fusion-title-size-one\" style=\"--awb-text-color:var(--awb-color5);--awb-margin-top-small:10px;--awb-margin-right-small:0px;--awb-margin-bottom-small:10px;--awb-margin-left-small:0px;--awb-font-size:45px;\"><h1 class=\"fusion-title-heading title-heading-left\" style=\"margin:0;font-size:1em;\"><h2 class=\"text-3xl font-bold mb-6\">Authorized Testing Center<\/h2><\/h1><\/div><div class=\"fusion-text fusion-text-2\" style=\"--awb-font-size:1rem;--awb-text-color:var(--awb-color5);--awb-margin-top:-40px;--awb-text-font-family:&quot;Poppins&quot;;--awb-text-font-style:normal;--awb-text-font-weight:400;\"><p>As an official Kryterion Authorized Testing Center (ATC), PUEDATA offers a professional examination environment for candidates seeking to obtain certifications in various technical domains. Our testing center provides a secure and proctored environment with state-of-the-art technology to ensure the integrity and validity of your certification exams. <\/p>\n<\/div><div ><a class=\"fusion-button button-flat fusion-button-default-size button-default fusion-button-default button-1 fusion-button-default-span fusion-button-default-type\" style=\"--button-border-radius-top-left:20px;--button-border-radius-top-right:20px;--button-border-radius-bottom-right:20px;--button-border-radius-bottom-left:20px;--button_font_size:1rem;\" target=\"_self\" href=\"https:\/\/www.webassessor.com\/\" rel=\"noopener\"><span class=\"fusion-button-text awb-button__text awb-button__text--default\">Schedule your exam<\/span><\/a><\/div><\/div><\/div><div class=\"fusion-layout-column fusion_builder_column fusion-builder-column-3 fusion_builder_column_1_2 1_2 fusion-flex-column fusion-flex-align-self-stretch fusion-animated\" style=\"--awb-padding-left:41px;--awb-bg-size:cover;--awb-width-large:50%;--awb-margin-top-large:0px;--awb-spacing-right-large:0px;--awb-margin-bottom-large:20px;--awb-spacing-left-large:0px;--awb-width-medium:50%;--awb-order-medium:0;--awb-spacing-right-medium:0px;--awb-spacing-left-medium:0px;--awb-width-small:100%;--awb-order-small:0;--awb-spacing-right-small:0px;--awb-spacing-left-small:0px;\" data-animationType=\"fadeIn\" data-animationDuration=\"1.0\" data-animationDelay=\"1.2\" data-animationOffset=\"top-into-view\"><div class=\"fusion-column-wrapper fusion-column-has-shadow fusion-flex-justify-content-center fusion-content-layout-column\"><div class=\"fusion-image-element \" style=\"--awb-max-width:75%;--awb-caption-title-font-family:var(--h2_typography-font-family);--awb-caption-title-font-weight:var(--h2_typography-font-weight);--awb-caption-title-font-style:var(--h2_typography-font-style);--awb-caption-title-size:var(--h2_typography-font-size);--awb-caption-title-transform:var(--h2_typography-text-transform);--awb-caption-title-line-height:var(--h2_typography-line-height);--awb-caption-title-letter-spacing:var(--h2_typography-letter-spacing);\"><span class=\" fusion-imageframe imageframe-none imageframe-1 hover-type-none\"><img decoding=\"async\" width=\"638\" height=\"117\" title=\"Kriterion\" src=\"https:\/\/ixen.ai\/wp-content\/uploads\/2025\/10\/kriterion.webp\" data-orig-src=\"https:\/\/ixen.ai\/wp-content\/uploads\/2025\/10\/kriterion.webp\" alt class=\"lazyload img-responsive wp-image-5659\" srcset=\"data:image\/svg+xml,%3Csvg%20xmlns%3D%27http%3A%2F%2Fwww.w3.org%2F2000%2Fsvg%27%20width%3D%27638%27%20height%3D%27117%27%20viewBox%3D%270%200%20638%20117%27%3E%3Crect%20width%3D%27638%27%20height%3D%27117%27%20fill-opacity%3D%220%22%2F%3E%3C%2Fsvg%3E\" data-srcset=\"https:\/\/ixen.ai\/wp-content\/uploads\/2025\/10\/kriterion-200x37.webp 200w, https:\/\/ixen.ai\/wp-content\/uploads\/2025\/10\/kriterion-400x73.webp 400w, https:\/\/ixen.ai\/wp-content\/uploads\/2025\/10\/kriterion-600x110.webp 600w, https:\/\/ixen.ai\/wp-content\/uploads\/2025\/10\/kriterion.webp 638w\" data-sizes=\"auto\" data-orig-sizes=\"(max-width: 640px) 100vw, 638px\" \/><\/span><\/div><\/div><\/div><\/div><\/div><div class=\"fusion-fullwidth fullwidth-box fusion-builder-row-4 fusion-flex-container has-pattern-background has-mask-background nonhundred-percent-fullwidth non-hundred-percent-height-scrolling columna-animaciones viaje\" style=\"--awb-border-radius-top-left:0px;--awb-border-radius-top-right:0px;--awb-border-radius-bottom-right:0px;--awb-border-radius-bottom-left:0px;--awb-padding-top:35px;--awb-min-height:275px;--awb-flex-wrap:wrap;\" ><div class=\"fusion-builder-row fusion-row fusion-flex-align-items-flex-start fusion-flex-content-wrap\" style=\"max-width:calc( 100% + 0px );margin-left: calc(-0px \/ 2 );margin-right: calc(-0px \/ 2 );\"><div class=\"fusion-layout-column fusion_builder_column fusion-builder-column-4 fusion_builder_column_1_1 1_1 fusion-flex-column columna-contenido\" style=\"--awb-padding-left:0%;--awb-bg-size:cover;--awb-width-large:100%;--awb-margin-top-large:0px;--awb-spacing-right-large:calc( 0.09 * calc( 100% - 0px ) );--awb-margin-bottom-large:90px;--awb-spacing-left-large:calc( 0.09 * calc( 100% - 0px ) );--awb-width-medium:100%;--awb-order-medium:0;--awb-spacing-right-medium:calc( 0.09 * calc( 100% - 0px ) );--awb-spacing-left-medium:calc( 0.09 * calc( 100% - 0px ) );--awb-width-small:100%;--awb-order-small:0;--awb-spacing-right-small:0px;--awb-spacing-left-small:0px;\"><div class=\"fusion-column-wrapper fusion-column-has-shadow fusion-flex-justify-content-flex-start fusion-content-layout-column\"><div class=\"fusion-title title fusion-title-3 fusion-sep-none fusion-title-text fusion-title-size-two\" style=\"--awb-margin-top-small:10px;--awb-margin-right-small:0px;--awb-margin-bottom-small:10px;--awb-margin-left-small:0px;\"><h2 class=\"fusion-title-heading title-heading-left\" style=\"margin:0;\">Ready to begin your learning journey?<\/h2><\/div><div style=\"text-align:left;\"><a class=\"fusion-button button-flat fusion-button-default-size button-default fusion-button-default button-2 fusion-button-default-span fusion-button-default-type\" style=\"--button_font_size:1rem;--button_margin-top:40px;\" target=\"_self\" id=\"formacion\"><span class=\"fusion-button-text awb-button__text awb-button__text--default\">Contact our training team<\/span><i class=\"fa-angle-right fas awb-button__icon awb-button__icon--default button-icon-right\" aria-hidden=\"true\"><\/i><\/a><\/div><\/div><\/div><\/div><\/div><div class=\"fusion-fullwidth fullwidth-box fusion-builder-row-5 fusion-flex-container has-pattern-background has-mask-background nonhundred-percent-fullwidth non-hundred-percent-height-scrolling\" style=\"--awb-border-radius-top-left:0px;--awb-border-radius-top-right:0px;--awb-border-radius-bottom-right:0px;--awb-border-radius-bottom-left:0px;--awb-padding-top:0px;--awb-padding-right:0px;--awb-padding-bottom:0px;--awb-padding-left:0px;--awb-margin-top:0px;--awb-margin-bottom:0px;--awb-flex-wrap:wrap;\" ><div class=\"fusion-builder-row fusion-row fusion-flex-align-items-flex-start fusion-flex-content-wrap\" style=\"max-width:calc( 100% + 0px );margin-left: calc(-0px \/ 2 );margin-right: calc(-0px \/ 2 );\"><div class=\"fusion-layout-column fusion_builder_column fusion-builder-column-5 fusion_builder_column_1_1 1_1 fusion-flex-column\" style=\"--awb-padding-top-small:0px;--awb-padding-right-small:0px;--awb-padding-bottom-small:0px;--awb-padding-left-small:0px;--awb-bg-size:cover;--awb-width-large:100%;--awb-margin-top-large:0px;--awb-spacing-right-large:0px;--awb-margin-bottom-large:0px;--awb-spacing-left-large:0px;--awb-width-medium:100%;--awb-order-medium:0;--awb-spacing-right-medium:0px;--awb-spacing-left-medium:0px;--awb-width-small:100%;--awb-order-small:0;--awb-margin-top-small:0;--awb-spacing-right-small:0px;--awb-margin-bottom-small:0;--awb-spacing-left-small:0px;\"><div class=\"fusion-column-wrapper fusion-column-has-shadow fusion-flex-justify-content-flex-start fusion-content-layout-column\"><script type='text\/javascript'>\npiAId = '1089122';\npiCId = '';\npiHostname = 'info.puedata.com';\n\n(function() {\n\u2002\u2002\u2002\u2002\u2002\u2002function async_load(){\n\u2002\u2002\u2002\u2002\u2002\u2002\u2002\u2002\u2002\u2002\u2002\u2002var s = document.createElement('script'); s.type = 'text\/javascript';\n\u2002\u2002\u2002\u2002\u2002\u2002\u2002\u2002\u2002\u2002\u2002\u2002s.src = ('https:' == document.location.protocol ? 'https:\/\/' : 'http:\/\/') + piHostname + '\/pd.js';\n\u2002\u2002\u2002\u2002\u2002\u2002\u2002\u2002\u2002\u2002\u2002\u2002var c = document.getElementsByTagName('script')[0]; c.parentNode.insertBefore(s, c);\n\u2002\u2002\u2002\u2002\u2002\u2002}\n\u2002\u2002\u2002\u2002\u2002\u2002if(window.attachEvent) { window.attachEvent('onload', async_load); }\n\u2002\u2002\u2002\u2002\u2002\u2002else { window.addEventListener('load', async_load, false); }\n})();\n<\/script>\n<\/div><\/div><\/div><\/div>\n<\/p>\n","protected":false},"excerpt":{"rendered":"","protected":false},"author":2,"featured_media":0,"parent":0,"menu_order":0,"comment_status":"closed","ping_status":"closed","template":"100-width.php","meta":{"_acf_changed":false,"footnotes":""},"class_list":["post-7895","page","type-page","status-publish","hentry"],"acf":[],"_links":{"self":[{"href":"https:\/\/ixen.ai\/en\/wp-json\/wp\/v2\/pages\/7895","targetHints":{"allow":["GET"]}}],"collection":[{"href":"https:\/\/ixen.ai\/en\/wp-json\/wp\/v2\/pages"}],"about":[{"href":"https:\/\/ixen.ai\/en\/wp-json\/wp\/v2\/types\/page"}],"author":[{"embeddable":true,"href":"https:\/\/ixen.ai\/en\/wp-json\/wp\/v2\/users\/2"}],"replies":[{"embeddable":true,"href":"https:\/\/ixen.ai\/en\/wp-json\/wp\/v2\/comments?post=7895"}],"version-history":[{"count":4,"href":"https:\/\/ixen.ai\/en\/wp-json\/wp\/v2\/pages\/7895\/revisions"}],"predecessor-version":[{"id":7988,"href":"https:\/\/ixen.ai\/en\/wp-json\/wp\/v2\/pages\/7895\/revisions\/7988"}],"wp:attachment":[{"href":"https:\/\/ixen.ai\/en\/wp-json\/wp\/v2\/media?parent=7895"}],"curies":[{"name":"wp","href":"https:\/\/api.w.org\/{rel}","templated":true}]}}